{"id":48,"date":"2020-01-30T12:58:12","date_gmt":"2020-01-30T11:58:12","guid":{"rendered":"http:\/\/legnosign.eu\/?page_id=48"},"modified":"2021-08-06T16:57:09","modified_gmt":"2021-08-06T14:57:09","slug":"modelle","status":"publish","type":"page","link":"https:\/\/legnosign.eu\/it\/modelle\/","title":{"rendered":"Modelli"},"content":{"rendered":"\n<p>Creare un modello sulla base del progetto che si vuole realizzare, \u00e8 tutt&#8217;ora la migliore soluzione per ottenere una rappresentazione realistica e in scala ridotta di ci\u00f2 che si andr\u00e0 a costruire.<br>LegnoSign realizza tre tipi di modelli: modelli 3D, modelli per la vendita, modelli per eventi fieristici.<\/p>\n\n\n\n<p>Ogni modello viene creato in modo individuale. In generale, un modello pu\u00f2 essere realizzato in legno o qualsiasi tipo di impiallacciature, oppure in vetro acrilico o cartone.<\/p>\n","protected":false},"excerpt":{"rendered":"<p>Creare un modello sulla base del progetto che si vuole realizzare, \u00e8 tutt&#8217;ora la migliore soluzione per ottenere una rappresentazione realistica e in scala ridotta di ci\u00f2 che si andr\u00e0 a costruire.LegnoSign realizza tre tipi di modelli: modelli 3D, modelli per la vendita, modelli per eventi fieristici. Ogni modello viene creato in modo individuale. In generale, un modello pu\u00f2 essere<\/p>\n<p><a class=\"more-link\" href=\"https:\/\/legnosign.eu\/it\/modelle\/\">Read More<\/a><\/p>\n","protected":false},"author":1,"featured_media":0,"parent":0,"menu_order":0,"comment_status":"closed","ping_status":"closed","template":"","meta":[],"translation":{"provider":"WPGlobus","version":"3.0.0","language":"it","enabled_languages":["de","it","en"],"languages":{"de":{"title":true,"content":true,"excerpt":false},"it":{"title":true,"content":true,"excerpt":false},"en":{"title":true,"content":true,"excerpt":false}}},"yoast_head":"<!-- This site is optimized with the Yoast SEO plugin v16.8 - https:\/\/yoast.com\/wordpress\/plugins\/seo\/ -->\n<title>Modelli - LegnoSign<\/title>\n<meta name=\"robots\" content=\"index, follow, max-snippet:-1, max-image-preview:large, max-video-preview:-1\" \/>\n<link rel=\"canonical\" href=\"https:\/\/legnosign.eu\/modelle\/\" \/>\n<meta property=\"og:locale\" content=\"it_IT\" \/>\n<meta property=\"og:type\" content=\"article\" \/>\n<meta property=\"og:title\" content=\"Modelli - LegnoSign\" \/>\n<meta property=\"og:url\" content=\"https:\/\/legnosign.eu\/modelle\/\" \/>\n<meta property=\"og:site_name\" content=\"LegnoSign\" \/>\n<meta property=\"article:modified_time\" content=\"2021-08-06T14:57:09+00:00\" \/>\n<meta property=\"og:image\" content=\"https:\/\/legnosign.eu\/wp-content\/uploads\/2020\/06\/LegnoSign_Verkaufsmodell_Wohnanlage_5.png\" \/>\n<meta name=\"twitter:card\" content=\"summary_large_image\" \/>\n<meta name=\"twitter:label1\" content=\"Est. reading time\" \/>\n\t<meta name=\"twitter:data1\" content=\"1 minute\" \/>\n<script type=\"application\/ld+json\" class=\"yoast-schema-graph\">{\"@context\":\"https:\/\/schema.org\",\"@graph\":[{\"@type\":\"WebSite\",\"@id\":\"https:\/\/legnosign.eu\/#website\",\"url\":\"https:\/\/legnosign.eu\/\",\"name\":\"LegnoSign\",\"description\":\"Discovering the uniqueness of wood\",\"potentialAction\":[{\"@type\":\"SearchAction\",\"target\":{\"@type\":\"EntryPoint\",\"urlTemplate\":\"https:\/\/legnosign.eu\/?s={search_term_string}\"},\"query-input\":\"required name=search_term_string\"}],\"inLanguage\":\"it-IT\"},{\"@type\":\"ImageObject\",\"@id\":\"https:\/\/legnosign.eu\/modelle\/#primaryimage\",\"inLanguage\":\"it-IT\",\"url\":\"https:\/\/legnosign.eu\/wp-content\/uploads\/2020\/06\/LegnoSign_Verkaufsmodell_Wohnanlage_5.png\",\"contentUrl\":\"https:\/\/legnosign.eu\/wp-content\/uploads\/2020\/06\/LegnoSign_Verkaufsmodell_Wohnanlage_5.png\",\"width\":500,\"height\":332},{\"@type\":\"WebPage\",\"@id\":\"https:\/\/legnosign.eu\/modelle\/#webpage\",\"url\":\"https:\/\/legnosign.eu\/modelle\/\",\"name\":\"Modelli - LegnoSign\",\"isPartOf\":{\"@id\":\"https:\/\/legnosign.eu\/#website\"},\"primaryImageOfPage\":{\"@id\":\"https:\/\/legnosign.eu\/modelle\/#primaryimage\"},\"datePublished\":\"2020-01-30T11:58:12+00:00\",\"dateModified\":\"2021-08-06T14:57:09+00:00\",\"breadcrumb\":{\"@id\":\"https:\/\/legnosign.eu\/modelle\/#breadcrumb\"},\"inLanguage\":\"it-IT\",\"potentialAction\":[{\"@type\":\"ReadAction\",\"target\":[\"https:\/\/legnosign.eu\/modelle\/\"]}]},{\"@type\":\"BreadcrumbList\",\"@id\":\"https:\/\/legnosign.eu\/modelle\/#breadcrumb\",\"itemListElement\":[{\"@type\":\"ListItem\",\"position\":1,\"name\":\"Startseite\",\"item\":\"https:\/\/legnosign.eu\/\"},{\"@type\":\"ListItem\",\"position\":2,\"name\":\"Modelle\"}]}]}<\/script>\n<!-- \/ Yoast SEO plugin. -->","yoast_head_json":{"title":"Modelli - LegnoSign","robots":{"index":"index","follow":"follow","max-snippet":"max-snippet:-1","max-image-preview":"max-image-preview:large","max-video-preview":"max-video-preview:-1"},"canonical":"https:\/\/legnosign.eu\/modelle\/","og_locale":"it_IT","og_type":"article","og_title":"Modelli - LegnoSign","og_url":"https:\/\/legnosign.eu\/modelle\/","og_site_name":"LegnoSign","article_modified_time":"2021-08-06T14:57:09+00:00","og_image":[{"url":"https:\/\/legnosign.eu\/wp-content\/uploads\/2020\/06\/LegnoSign_Verkaufsmodell_Wohnanlage_5.png"}],"twitter_card":"summary_large_image","twitter_misc":{"Est. reading time":"1 minute"},"schema":{"@context":"https:\/\/schema.org","@graph":[{"@type":"WebSite","@id":"https:\/\/legnosign.eu\/#website","url":"https:\/\/legnosign.eu\/","name":"LegnoSign","description":"Discovering the uniqueness of wood","potentialAction":[{"@type":"SearchAction","target":{"@type":"EntryPoint","urlTemplate":"https:\/\/legnosign.eu\/?s={search_term_string}"},"query-input":"required name=search_term_string"}],"inLanguage":"it-IT"},{"@type":"ImageObject","@id":"https:\/\/legnosign.eu\/modelle\/#primaryimage","inLanguage":"it-IT","url":"https:\/\/legnosign.eu\/wp-content\/uploads\/2020\/06\/LegnoSign_Verkaufsmodell_Wohnanlage_5.png","contentUrl":"https:\/\/legnosign.eu\/wp-content\/uploads\/2020\/06\/LegnoSign_Verkaufsmodell_Wohnanlage_5.png","width":500,"height":332},{"@type":"WebPage","@id":"https:\/\/legnosign.eu\/modelle\/#webpage","url":"https:\/\/legnosign.eu\/modelle\/","name":"Modelli - LegnoSign","isPartOf":{"@id":"https:\/\/legnosign.eu\/#website"},"primaryImageOfPage":{"@id":"https:\/\/legnosign.eu\/modelle\/#primaryimage"},"datePublished":"2020-01-30T11:58:12+00:00","dateModified":"2021-08-06T14:57:09+00:00","breadcrumb":{"@id":"https:\/\/legnosign.eu\/modelle\/#breadcrumb"},"inLanguage":"it-IT","potentialAction":[{"@type":"ReadAction","target":["https:\/\/legnosign.eu\/modelle\/"]}]},{"@type":"BreadcrumbList","@id":"https:\/\/legnosign.eu\/modelle\/#breadcrumb","itemListElement":[{"@type":"ListItem","position":1,"name":"Startseite","item":"https:\/\/legnosign.eu\/"},{"@type":"ListItem","position":2,"name":"Modelle"}]}]}},"_links":{"self":[{"href":"https:\/\/legnosign.eu\/it\/wp-json\/wp\/v2\/pages\/48"}],"collection":[{"href":"https:\/\/legnosign.eu\/it\/wp-json\/wp\/v2\/pages"}],"about":[{"href":"https:\/\/legnosign.eu\/it\/wp-json\/wp\/v2\/types\/page"}],"author":[{"embeddable":true,"href":"https:\/\/legnosign.eu\/it\/wp-json\/wp\/v2\/users\/1"}],"replies":[{"embeddable":true,"href":"https:\/\/legnosign.eu\/it\/wp-json\/wp\/v2\/comments?post=48"}],"version-history":[{"count":7,"href":"https:\/\/legnosign.eu\/it\/wp-json\/wp\/v2\/pages\/48\/revisions"}],"predecessor-version":[{"id":542,"href":"https:\/\/legnosign.eu\/it\/wp-json\/wp\/v2\/pages\/48\/revisions\/542"}],"wp:attachment":[{"href":"https:\/\/legnosign.eu\/it\/wp-json\/wp\/v2\/media?parent=48"}],"curies":[{"name":"wp","href":"https:\/\/api.w.org\/{rel}","templated":true}]}}